{"id":100,"date":"2023-10-26T12:01:48","date_gmt":"2023-10-26T10:01:48","guid":{"rendered":"https:\/\/blohms-daek.dk\/?page_id=100"},"modified":"2024-03-19T13:48:01","modified_gmt":"2024-03-19T12:48:01","slug":"daek","status":"publish","type":"page","link":"https:\/\/blohms-daek.dk\/index.php\/daek\/","title":{"rendered":"D\u00e6k"},"content":{"rendered":"\n<p>Her er det uddrag af de m\u00e6rker vi f\u00f8rer. Mangler dit foretrukne m\u00e6rke i listen, s\u00e5 giv os et kald, s\u00e5 finder vi nok en l\u00f8sning p\u00e5 det.<\/p>\n\n\n<table border=\"0\" align=\"center\">\n<tbody>\n<tr>\n<td><a href=\"https:\/\/www.nexentire.com\/international\/\"><img loading=\"lazy\" decoding=\"async\" class=\"aligncenter size-full wp-image-250\" src=\"https:\/\/blohms-daek.dk\/wp-content\/uploads\/2024\/03\/Nexen.png\" alt=\"\" width=\"270\" height=\"135\" \/><\/a><\/td>\n<\/tr>\n<tr>\n<td><a href=\"https:\/\/www.michelin.dk\/\"><img loading=\"lazy\" decoding=\"async\" class=\"aligncenter size-full wp-image-108\" src=\"https:\/\/blohms-daek.dk\/wp-content\/uploads\/2023\/10\/michelin.png\" alt=\"\" width=\"268\" height=\"97\" \/><\/a><\/td>\n<\/tr>\n<tr>\n<td><a href=\"https:\/\/www.bfgoodrich.dk\/\"><img loading=\"lazy\" decoding=\"async\" class=\"aligncenter size-medium wp-image-84\" src=\"https:\/\/blohms-daek.dk\/wp-content\/uploads\/2023\/10\/BF-300x76.png\" alt=\"\" width=\"300\" height=\"76\" srcset=\"https:\/\/blohms-daek.dk\/wp-content\/uploads\/2023\/10\/BF-300x76.png 300w, https:\/\/blohms-daek.dk\/wp-content\/uploads\/2023\/10\/BF.png 319w\" sizes=\"auto, (max-width: 300px) 100vw, 300px\" \/><\/a><\/td>\n<\/tr>\n<tr>\n<td><a href=\"https:\/\/www.yokohama.eu\/da\/\"><img loading=\"lazy\" decoding=\"async\" class=\"aligncenter size-full wp-image-97\" src=\"https:\/\/blohms-daek.dk\/wp-content\/uploads\/2023\/10\/Yokohama.png\" alt=\"\" width=\"166\" height=\"33\" \/><\/a><\/td>\n<\/tr>\n<tr>\n<td><a href=\"https:\/\/www.sailun-tyres.eu\/\"><img loading=\"lazy\" decoding=\"async\" class=\"aligncenter size-full wp-image-251\" src=\"https:\/\/blohms-daek.dk\/wp-content\/uploads\/2024\/03\/Sailun.png\" alt=\"\" width=\"300\" height=\"39\" \/><\/a><\/td>\n<\/tr>\n<\/tbody>\n<\/table>\n\n\n<figure class=\"wp-block-image size-full\"><img loading=\"lazy\" decoding=\"async\" width=\"960\" height=\"500\" src=\"https:\/\/blohms-daek.dk\/wp-content\/uploads\/2023\/10\/Daekreol-1.png\" alt=\"\" class=\"wp-image-138\" srcset=\"https:\/\/blohms-daek.dk\/wp-content\/uploads\/2023\/10\/Daekreol-1.png 960w, https:\/\/blohms-daek.dk\/wp-content\/uploads\/2023\/10\/Daekreol-1-300x156.png 300w, https:\/\/blohms-daek.dk\/wp-content\/uploads\/2023\/10\/Daekreol-1-768x400.png 768w\" sizes=\"auto, (max-width: 960px) 100vw, 960px\" \/><\/figure>\n","protected":false},"excerpt":{"rendered":"<p>Her er det uddrag af de m\u00e6rker vi f\u00f8rer. Mangler dit foretrukne m\u00e6rke i listen, s\u00e5 giv os et kald, s\u00e5 finder vi nok en l\u00f8sning p\u00e5 det.<\/p>\n","protected":false},"author":1,"featured_media":0,"parent":0,"menu_order":0,"comment_status":"closed","ping_status":"closed","template":"","meta":{"footnotes":""},"class_list":["post-100","page","type-page","status-publish","hentry"],"yoast_head":"<!-- This site is optimized with the Yoast SEO plugin v27.3 - https:\/\/yoast.com\/product\/yoast-seo-wordpress\/ -->\r\n<title>D\u00e6k - Blohm&#039;s Eftf.<\/title>\r\n<meta name=\"description\" content=\"&quot;Find de bedste d\u00e6k til enhver k\u00f8resituation hos Blohms Eftf.. Vi tilbyder et bredt udvalg af h\u00f8jtydende sommerd\u00e6k, vinterd\u00e6k og hel\u00e5rsd\u00e6k til konkurrencedygtige priser. F\u00e5 ekspertvejledning, p\u00e5lidelig kundeservice og hurtig levering.\" \/>\r\n<meta name=\"robots\" content=\"index, follow, max-snippet:-1, max-image-preview:large, max-video-preview:-1\" \/>\r\n<link rel=\"canonical\" href=\"https:\/\/blohms-daek.dk\/index.php\/daek\/\" \/>\r\n<meta property=\"og:locale\" content=\"da_DK\" \/>\r\n<meta property=\"og:type\" content=\"article\" \/>\r\n<meta property=\"og:title\" content=\"D\u00e6k - Blohm&#039;s Eftf.\" \/>\r\n<meta property=\"og:description\" content=\"&quot;Find de bedste d\u00e6k til enhver k\u00f8resituation hos Blohms Eftf.. Vi tilbyder et bredt udvalg af h\u00f8jtydende sommerd\u00e6k, vinterd\u00e6k og hel\u00e5rsd\u00e6k til konkurrencedygtige priser. F\u00e5 ekspertvejledning, p\u00e5lidelig kundeservice og hurtig levering.\" \/>\r\n<meta property=\"og:url\" content=\"https:\/\/blohms-daek.dk\/index.php\/daek\/\" \/>\r\n<meta property=\"og:site_name\" content=\"Blohm&#039;s Eftf.\" \/>\r\n<meta property=\"article:publisher\" content=\"https:\/\/www.facebook.com\/blohmsdaek\" \/>\r\n<meta property=\"article:modified_time\" content=\"2024-03-19T12:48:01+00:00\" \/>\r\n<meta property=\"og:image\" content=\"https:\/\/blohms-daek.dk\/wp-content\/uploads\/2024\/03\/Nexen.png\" \/>\r\n<meta name=\"twitter:card\" content=\"summary_large_image\" \/>\r\n<meta name=\"twitter:label1\" content=\"Estimeret l\u00e6setid\" \/>\n\t<meta name=\"twitter:data1\" content=\"2 minutter\" \/>\r\n<script type=\"application\/ld+json\" class=\"yoast-schema-graph\">{\"@context\":\"https:\\\/\\\/schema.org\",\"@graph\":[{\"@type\":\"WebPage\",\"@id\":\"https:\\\/\\\/blohms-daek.dk\\\/index.php\\\/daek\\\/\",\"url\":\"https:\\\/\\\/blohms-daek.dk\\\/index.php\\\/daek\\\/\",\"name\":\"D\u00e6k - Blohm&#039;s Eftf.\",\"isPartOf\":{\"@id\":\"https:\\\/\\\/blohms-daek.dk\\\/#website\"},\"primaryImageOfPage\":{\"@id\":\"https:\\\/\\\/blohms-daek.dk\\\/index.php\\\/daek\\\/#primaryimage\"},\"image\":{\"@id\":\"https:\\\/\\\/blohms-daek.dk\\\/index.php\\\/daek\\\/#primaryimage\"},\"thumbnailUrl\":\"https:\\\/\\\/blohms-daek.dk\\\/wp-content\\\/uploads\\\/2024\\\/03\\\/Nexen.png\",\"datePublished\":\"2023-10-26T10:01:48+00:00\",\"dateModified\":\"2024-03-19T12:48:01+00:00\",\"description\":\"\\\"Find de bedste d\u00e6k til enhver k\u00f8resituation hos Blohms Eftf.. Vi tilbyder et bredt udvalg af h\u00f8jtydende sommerd\u00e6k, vinterd\u00e6k og hel\u00e5rsd\u00e6k til konkurrencedygtige priser. F\u00e5 ekspertvejledning, p\u00e5lidelig kundeservice og hurtig levering.\",\"breadcrumb\":{\"@id\":\"https:\\\/\\\/blohms-daek.dk\\\/index.php\\\/daek\\\/#breadcrumb\"},\"inLanguage\":\"da-DK\",\"potentialAction\":[{\"@type\":\"ReadAction\",\"target\":[\"https:\\\/\\\/blohms-daek.dk\\\/index.php\\\/daek\\\/\"]}]},{\"@type\":\"ImageObject\",\"inLanguage\":\"da-DK\",\"@id\":\"https:\\\/\\\/blohms-daek.dk\\\/index.php\\\/daek\\\/#primaryimage\",\"url\":\"https:\\\/\\\/blohms-daek.dk\\\/wp-content\\\/uploads\\\/2024\\\/03\\\/Nexen.png\",\"contentUrl\":\"https:\\\/\\\/blohms-daek.dk\\\/wp-content\\\/uploads\\\/2024\\\/03\\\/Nexen.png\",\"width\":270,\"height\":135},{\"@type\":\"BreadcrumbList\",\"@id\":\"https:\\\/\\\/blohms-daek.dk\\\/index.php\\\/daek\\\/#breadcrumb\",\"itemListElement\":[{\"@type\":\"ListItem\",\"position\":1,\"name\":\"Hjem\",\"item\":\"https:\\\/\\\/blohms-daek.dk\\\/\"},{\"@type\":\"ListItem\",\"position\":2,\"name\":\"D\u00e6k\"}]},{\"@type\":\"WebSite\",\"@id\":\"https:\\\/\\\/blohms-daek.dk\\\/#website\",\"url\":\"https:\\\/\\\/blohms-daek.dk\\\/\",\"name\":\"Blohm&#039;s Eftf.\",\"description\":\"D\u00e6k og f\u00e6lge ApS\",\"publisher\":{\"@id\":\"https:\\\/\\\/blohms-daek.dk\\\/#organization\"},\"potentialAction\":[{\"@type\":\"SearchAction\",\"target\":{\"@type\":\"EntryPoint\",\"urlTemplate\":\"https:\\\/\\\/blohms-daek.dk\\\/?s={search_term_string}\"},\"query-input\":{\"@type\":\"PropertyValueSpecification\",\"valueRequired\":true,\"valueName\":\"search_term_string\"}}],\"inLanguage\":\"da-DK\"},{\"@type\":\"Organization\",\"@id\":\"https:\\\/\\\/blohms-daek.dk\\\/#organization\",\"name\":\"Blohm&#039;s Eftf.\",\"url\":\"https:\\\/\\\/blohms-daek.dk\\\/\",\"logo\":{\"@type\":\"ImageObject\",\"inLanguage\":\"da-DK\",\"@id\":\"https:\\\/\\\/blohms-daek.dk\\\/#\\\/schema\\\/logo\\\/image\\\/\",\"url\":\"https:\\\/\\\/blohms-daek.dk\\\/wp-content\\\/uploads\\\/2023\\\/10\\\/Blohms-Logo.png\",\"contentUrl\":\"https:\\\/\\\/blohms-daek.dk\\\/wp-content\\\/uploads\\\/2023\\\/10\\\/Blohms-Logo.png\",\"width\":293,\"height\":77,\"caption\":\"Blohm&#039;s Eftf.\"},\"image\":{\"@id\":\"https:\\\/\\\/blohms-daek.dk\\\/#\\\/schema\\\/logo\\\/image\\\/\"},\"sameAs\":[\"https:\\\/\\\/www.facebook.com\\\/blohmsdaek\"]}]}<\/script>\r\n<!-- \/ Yoast SEO plugin. -->","yoast_head_json":{"title":"D\u00e6k - Blohm&#039;s Eftf.","description":"\"Find de bedste d\u00e6k til enhver k\u00f8resituation hos Blohms Eftf.. Vi tilbyder et bredt udvalg af h\u00f8jtydende sommerd\u00e6k, vinterd\u00e6k og hel\u00e5rsd\u00e6k til konkurrencedygtige priser. F\u00e5 ekspertvejledning, p\u00e5lidelig kundeservice og hurtig levering.","robots":{"index":"index","follow":"follow","max-snippet":"max-snippet:-1","max-image-preview":"max-image-preview:large","max-video-preview":"max-video-preview:-1"},"canonical":"https:\/\/blohms-daek.dk\/index.php\/daek\/","og_locale":"da_DK","og_type":"article","og_title":"D\u00e6k - Blohm&#039;s Eftf.","og_description":"\"Find de bedste d\u00e6k til enhver k\u00f8resituation hos Blohms Eftf.. Vi tilbyder et bredt udvalg af h\u00f8jtydende sommerd\u00e6k, vinterd\u00e6k og hel\u00e5rsd\u00e6k til konkurrencedygtige priser. F\u00e5 ekspertvejledning, p\u00e5lidelig kundeservice og hurtig levering.","og_url":"https:\/\/blohms-daek.dk\/index.php\/daek\/","og_site_name":"Blohm&#039;s Eftf.","article_publisher":"https:\/\/www.facebook.com\/blohmsdaek","article_modified_time":"2024-03-19T12:48:01+00:00","og_image":[{"url":"https:\/\/blohms-daek.dk\/wp-content\/uploads\/2024\/03\/Nexen.png","type":"","width":"","height":""}],"twitter_card":"summary_large_image","twitter_misc":{"Estimeret l\u00e6setid":"2 minutter"},"schema":{"@context":"https:\/\/schema.org","@graph":[{"@type":"WebPage","@id":"https:\/\/blohms-daek.dk\/index.php\/daek\/","url":"https:\/\/blohms-daek.dk\/index.php\/daek\/","name":"D\u00e6k - Blohm&#039;s Eftf.","isPartOf":{"@id":"https:\/\/blohms-daek.dk\/#website"},"primaryImageOfPage":{"@id":"https:\/\/blohms-daek.dk\/index.php\/daek\/#primaryimage"},"image":{"@id":"https:\/\/blohms-daek.dk\/index.php\/daek\/#primaryimage"},"thumbnailUrl":"https:\/\/blohms-daek.dk\/wp-content\/uploads\/2024\/03\/Nexen.png","datePublished":"2023-10-26T10:01:48+00:00","dateModified":"2024-03-19T12:48:01+00:00","description":"\"Find de bedste d\u00e6k til enhver k\u00f8resituation hos Blohms Eftf.. Vi tilbyder et bredt udvalg af h\u00f8jtydende sommerd\u00e6k, vinterd\u00e6k og hel\u00e5rsd\u00e6k til konkurrencedygtige priser. F\u00e5 ekspertvejledning, p\u00e5lidelig kundeservice og hurtig levering.","breadcrumb":{"@id":"https:\/\/blohms-daek.dk\/index.php\/daek\/#breadcrumb"},"inLanguage":"da-DK","potentialAction":[{"@type":"ReadAction","target":["https:\/\/blohms-daek.dk\/index.php\/daek\/"]}]},{"@type":"ImageObject","inLanguage":"da-DK","@id":"https:\/\/blohms-daek.dk\/index.php\/daek\/#primaryimage","url":"https:\/\/blohms-daek.dk\/wp-content\/uploads\/2024\/03\/Nexen.png","contentUrl":"https:\/\/blohms-daek.dk\/wp-content\/uploads\/2024\/03\/Nexen.png","width":270,"height":135},{"@type":"BreadcrumbList","@id":"https:\/\/blohms-daek.dk\/index.php\/daek\/#breadcrumb","itemListElement":[{"@type":"ListItem","position":1,"name":"Hjem","item":"https:\/\/blohms-daek.dk\/"},{"@type":"ListItem","position":2,"name":"D\u00e6k"}]},{"@type":"WebSite","@id":"https:\/\/blohms-daek.dk\/#website","url":"https:\/\/blohms-daek.dk\/","name":"Blohm&#039;s Eftf.","description":"D\u00e6k og f\u00e6lge ApS","publisher":{"@id":"https:\/\/blohms-daek.dk\/#organization"},"potentialAction":[{"@type":"SearchAction","target":{"@type":"EntryPoint","urlTemplate":"https:\/\/blohms-daek.dk\/?s={search_term_string}"},"query-input":{"@type":"PropertyValueSpecification","valueRequired":true,"valueName":"search_term_string"}}],"inLanguage":"da-DK"},{"@type":"Organization","@id":"https:\/\/blohms-daek.dk\/#organization","name":"Blohm&#039;s Eftf.","url":"https:\/\/blohms-daek.dk\/","logo":{"@type":"ImageObject","inLanguage":"da-DK","@id":"https:\/\/blohms-daek.dk\/#\/schema\/logo\/image\/","url":"https:\/\/blohms-daek.dk\/wp-content\/uploads\/2023\/10\/Blohms-Logo.png","contentUrl":"https:\/\/blohms-daek.dk\/wp-content\/uploads\/2023\/10\/Blohms-Logo.png","width":293,"height":77,"caption":"Blohm&#039;s Eftf."},"image":{"@id":"https:\/\/blohms-daek.dk\/#\/schema\/logo\/image\/"},"sameAs":["https:\/\/www.facebook.com\/blohmsdaek"]}]}},"_links":{"self":[{"href":"https:\/\/blohms-daek.dk\/index.php\/wp-json\/wp\/v2\/pages\/100","targetHints":{"allow":["GET"]}}],"collection":[{"href":"https:\/\/blohms-daek.dk\/index.php\/wp-json\/wp\/v2\/pages"}],"about":[{"href":"https:\/\/blohms-daek.dk\/index.php\/wp-json\/wp\/v2\/types\/page"}],"author":[{"embeddable":true,"href":"https:\/\/blohms-daek.dk\/index.php\/wp-json\/wp\/v2\/users\/1"}],"replies":[{"embeddable":true,"href":"https:\/\/blohms-daek.dk\/index.php\/wp-json\/wp\/v2\/comments?post=100"}],"version-history":[{"count":0,"href":"https:\/\/blohms-daek.dk\/index.php\/wp-json\/wp\/v2\/pages\/100\/revisions"}],"wp:attachment":[{"href":"https:\/\/blohms-daek.dk\/index.php\/wp-json\/wp\/v2\/media?parent=100"}],"curies":[{"name":"wp","href":"https:\/\/api.w.org\/{rel}","templated":true}]}}