{"id":205,"date":"2024-03-15T03:58:47","date_gmt":"2024-03-15T02:58:47","guid":{"rendered":"https:\/\/blohms-daek.dk\/?page_id=205"},"modified":"2024-03-15T06:32:18","modified_gmt":"2024-03-15T05:32:18","slug":"faelge","status":"publish","type":"page","link":"https:\/\/blohms-daek.dk\/index.php\/faelge\/","title":{"rendered":"F\u00e6lge"},"content":{"rendered":"\n<p>Nedenst\u00e5ende er de samarbejdspartnere vi har.<\/p>\n\n\n\n<div class=\"wp-block-group\"><div class=\"wp-block-group__inner-container is-layout-constrained wp-block-group-is-layout-constrained\">\n<div class=\"wp-block-columns is-layout-flex wp-container-core-columns-is-layout-9d6595d7 wp-block-columns-is-layout-flex\">\n<div class=\"wp-block-column is-layout-flow wp-block-column-is-layout-flow\" style=\"flex-basis:100%\">\n<figure class=\"wp-block-table is-style-regular\"><table><tbody><tr><td class=\"has-text-align-center\" data-align=\"center\"><a href=\"https:\/\/r2.eurowheels.dk\/warehouse\/selectrims.aspx\"><img loading=\"lazy\" decoding=\"async\" class=\"size-full wp-image-207\" src=\"https:\/\/blohms-daek.dk\/wp-content\/uploads\/2024\/03\/EuroWheels.png\" alt=\"\" width=\"144\" height=\"43\"><\/a><\/td><\/tr><tr><td class=\"has-text-align-center\" data-align=\"center\"><a href=\"http:\/\/www.jh-import.dk\/\"><img loading=\"lazy\" decoding=\"async\" class=\"size-full wp-image-206\" src=\"https:\/\/blohms-daek.dk\/wp-content\/uploads\/2024\/03\/JH-Import.png\" alt=\"\" width=\"205\" height=\"70\"><\/a><\/td><\/tr><tr><td class=\"has-text-align-center\" data-align=\"center\"><a href=\"https:\/\/aluxperten.dk\/faelge\"><img loading=\"lazy\" decoding=\"async\" class=\"aligncenter size-full wp-image-208\" src=\"https:\/\/blohms-daek.dk\/wp-content\/uploads\/2024\/03\/AluXperten.png\" alt=\"\" width=\"216\" height=\"68\"><\/a><\/td><\/tr><\/tbody><\/table><\/figure>\n<\/div>\n<\/div>\n<\/div><\/div>\n","protected":false},"excerpt":{"rendered":"<p>Nedenst\u00e5ende er de samarbejdspartnere vi har.<\/p>\n","protected":false},"author":1,"featured_media":0,"parent":0,"menu_order":0,"comment_status":"closed","ping_status":"closed","template":"","meta":{"footnotes":""},"class_list":["post-205","page","type-page","status-publish","hentry"],"yoast_head":"<!-- This site is optimized with the Yoast SEO plugin v27.3 - https:\/\/yoast.com\/product\/yoast-seo-wordpress\/ -->\r\n<title>F\u00e6lge - Blohm&#039;s Eftf.<\/title>\r\n<meta name=\"description\" content=\"Opgrader dit k\u00f8ret\u00f8js udseende og ydeevne med vores eksklusive udvalg af f\u00e6lge hos Blohms Eftf. Udforsk et bredt udvalg af stilfulde og holdbare aluminiums- og st\u00e5lf\u00e6lge i forskellige st\u00f8rrelser og designs. Fra sporty til klassisk, har vi f\u00e6lge, der passer til enhver smag og k\u00f8ret\u00f8jstype. Skab et personligt pr\u00e6g p\u00e5 din bil og oplev en forbedret k\u00f8reoplevelse med vores f\u00f8rsteklasses f\u00e6lge. K\u00f8b nu og giv dit k\u00f8ret\u00f8j det look, det fortjener.\" \/>\r\n<meta name=\"robots\" content=\"index, follow, max-snippet:-1, max-image-preview:large, max-video-preview:-1\" \/>\r\n<link rel=\"canonical\" href=\"https:\/\/blohms-daek.dk\/index.php\/faelge\/\" \/>\r\n<meta property=\"og:locale\" content=\"da_DK\" \/>\r\n<meta property=\"og:type\" content=\"article\" \/>\r\n<meta property=\"og:title\" content=\"F\u00e6lge - Blohm&#039;s Eftf.\" \/>\r\n<meta property=\"og:description\" content=\"Opgrader dit k\u00f8ret\u00f8js udseende og ydeevne med vores eksklusive udvalg af f\u00e6lge hos Blohms Eftf. Udforsk et bredt udvalg af stilfulde og holdbare aluminiums- og st\u00e5lf\u00e6lge i forskellige st\u00f8rrelser og designs. Fra sporty til klassisk, har vi f\u00e6lge, der passer til enhver smag og k\u00f8ret\u00f8jstype. Skab et personligt pr\u00e6g p\u00e5 din bil og oplev en forbedret k\u00f8reoplevelse med vores f\u00f8rsteklasses f\u00e6lge. K\u00f8b nu og giv dit k\u00f8ret\u00f8j det look, det fortjener.\" \/>\r\n<meta property=\"og:url\" content=\"https:\/\/blohms-daek.dk\/index.php\/faelge\/\" \/>\r\n<meta property=\"og:site_name\" content=\"Blohm&#039;s Eftf.\" \/>\r\n<meta property=\"article:publisher\" content=\"https:\/\/www.facebook.com\/blohmsdaek\" \/>\r\n<meta property=\"article:modified_time\" content=\"2024-03-15T05:32:18+00:00\" \/>\r\n<meta property=\"og:image\" content=\"https:\/\/blohms-daek.dk\/wp-content\/uploads\/2024\/03\/EuroWheels.png\" \/>\r\n<meta name=\"twitter:card\" content=\"summary_large_image\" \/>\r\n<meta name=\"twitter:label1\" content=\"Estimeret l\u00e6setid\" \/>\n\t<meta name=\"twitter:data1\" content=\"1 minut\" \/>\r\n<script type=\"application\/ld+json\" class=\"yoast-schema-graph\">{\"@context\":\"https:\\\/\\\/schema.org\",\"@graph\":[{\"@type\":\"WebPage\",\"@id\":\"https:\\\/\\\/blohms-daek.dk\\\/index.php\\\/faelge\\\/\",\"url\":\"https:\\\/\\\/blohms-daek.dk\\\/index.php\\\/faelge\\\/\",\"name\":\"F\u00e6lge - Blohm&#039;s Eftf.\",\"isPartOf\":{\"@id\":\"https:\\\/\\\/blohms-daek.dk\\\/#website\"},\"primaryImageOfPage\":{\"@id\":\"https:\\\/\\\/blohms-daek.dk\\\/index.php\\\/faelge\\\/#primaryimage\"},\"image\":{\"@id\":\"https:\\\/\\\/blohms-daek.dk\\\/index.php\\\/faelge\\\/#primaryimage\"},\"thumbnailUrl\":\"https:\\\/\\\/blohms-daek.dk\\\/wp-content\\\/uploads\\\/2024\\\/03\\\/EuroWheels.png\",\"datePublished\":\"2024-03-15T02:58:47+00:00\",\"dateModified\":\"2024-03-15T05:32:18+00:00\",\"description\":\"Opgrader dit k\u00f8ret\u00f8js udseende og ydeevne med vores eksklusive udvalg af f\u00e6lge hos Blohms Eftf. Udforsk et bredt udvalg af stilfulde og holdbare aluminiums- og st\u00e5lf\u00e6lge i forskellige st\u00f8rrelser og designs. Fra sporty til klassisk, har vi f\u00e6lge, der passer til enhver smag og k\u00f8ret\u00f8jstype. Skab et personligt pr\u00e6g p\u00e5 din bil og oplev en forbedret k\u00f8reoplevelse med vores f\u00f8rsteklasses f\u00e6lge. K\u00f8b nu og giv dit k\u00f8ret\u00f8j det look, det fortjener.\",\"breadcrumb\":{\"@id\":\"https:\\\/\\\/blohms-daek.dk\\\/index.php\\\/faelge\\\/#breadcrumb\"},\"inLanguage\":\"da-DK\",\"potentialAction\":[{\"@type\":\"ReadAction\",\"target\":[\"https:\\\/\\\/blohms-daek.dk\\\/index.php\\\/faelge\\\/\"]}]},{\"@type\":\"ImageObject\",\"inLanguage\":\"da-DK\",\"@id\":\"https:\\\/\\\/blohms-daek.dk\\\/index.php\\\/faelge\\\/#primaryimage\",\"url\":\"https:\\\/\\\/blohms-daek.dk\\\/wp-content\\\/uploads\\\/2024\\\/03\\\/EuroWheels.png\",\"contentUrl\":\"https:\\\/\\\/blohms-daek.dk\\\/wp-content\\\/uploads\\\/2024\\\/03\\\/EuroWheels.png\",\"width\":144,\"height\":43},{\"@type\":\"BreadcrumbList\",\"@id\":\"https:\\\/\\\/blohms-daek.dk\\\/index.php\\\/faelge\\\/#breadcrumb\",\"itemListElement\":[{\"@type\":\"ListItem\",\"position\":1,\"name\":\"Hjem\",\"item\":\"https:\\\/\\\/blohms-daek.dk\\\/\"},{\"@type\":\"ListItem\",\"position\":2,\"name\":\"F\u00e6lge\"}]},{\"@type\":\"WebSite\",\"@id\":\"https:\\\/\\\/blohms-daek.dk\\\/#website\",\"url\":\"https:\\\/\\\/blohms-daek.dk\\\/\",\"name\":\"Blohm&#039;s Eftf.\",\"description\":\"D\u00e6k og f\u00e6lge ApS\",\"publisher\":{\"@id\":\"https:\\\/\\\/blohms-daek.dk\\\/#organization\"},\"potentialAction\":[{\"@type\":\"SearchAction\",\"target\":{\"@type\":\"EntryPoint\",\"urlTemplate\":\"https:\\\/\\\/blohms-daek.dk\\\/?s={search_term_string}\"},\"query-input\":{\"@type\":\"PropertyValueSpecification\",\"valueRequired\":true,\"valueName\":\"search_term_string\"}}],\"inLanguage\":\"da-DK\"},{\"@type\":\"Organization\",\"@id\":\"https:\\\/\\\/blohms-daek.dk\\\/#organization\",\"name\":\"Blohm&#039;s Eftf.\",\"url\":\"https:\\\/\\\/blohms-daek.dk\\\/\",\"logo\":{\"@type\":\"ImageObject\",\"inLanguage\":\"da-DK\",\"@id\":\"https:\\\/\\\/blohms-daek.dk\\\/#\\\/schema\\\/logo\\\/image\\\/\",\"url\":\"https:\\\/\\\/blohms-daek.dk\\\/wp-content\\\/uploads\\\/2023\\\/10\\\/Blohms-Logo.png\",\"contentUrl\":\"https:\\\/\\\/blohms-daek.dk\\\/wp-content\\\/uploads\\\/2023\\\/10\\\/Blohms-Logo.png\",\"width\":293,\"height\":77,\"caption\":\"Blohm&#039;s Eftf.\"},\"image\":{\"@id\":\"https:\\\/\\\/blohms-daek.dk\\\/#\\\/schema\\\/logo\\\/image\\\/\"},\"sameAs\":[\"https:\\\/\\\/www.facebook.com\\\/blohmsdaek\"]}]}<\/script>\r\n<!-- \/ Yoast SEO plugin. -->","yoast_head_json":{"title":"F\u00e6lge - Blohm&#039;s Eftf.","description":"Opgrader dit k\u00f8ret\u00f8js udseende og ydeevne med vores eksklusive udvalg af f\u00e6lge hos Blohms Eftf. Udforsk et bredt udvalg af stilfulde og holdbare aluminiums- og st\u00e5lf\u00e6lge i forskellige st\u00f8rrelser og designs. Fra sporty til klassisk, har vi f\u00e6lge, der passer til enhver smag og k\u00f8ret\u00f8jstype. Skab et personligt pr\u00e6g p\u00e5 din bil og oplev en forbedret k\u00f8reoplevelse med vores f\u00f8rsteklasses f\u00e6lge. K\u00f8b nu og giv dit k\u00f8ret\u00f8j det look, det fortjener.","robots":{"index":"index","follow":"follow","max-snippet":"max-snippet:-1","max-image-preview":"max-image-preview:large","max-video-preview":"max-video-preview:-1"},"canonical":"https:\/\/blohms-daek.dk\/index.php\/faelge\/","og_locale":"da_DK","og_type":"article","og_title":"F\u00e6lge - Blohm&#039;s Eftf.","og_description":"Opgrader dit k\u00f8ret\u00f8js udseende og ydeevne med vores eksklusive udvalg af f\u00e6lge hos Blohms Eftf. Udforsk et bredt udvalg af stilfulde og holdbare aluminiums- og st\u00e5lf\u00e6lge i forskellige st\u00f8rrelser og designs. Fra sporty til klassisk, har vi f\u00e6lge, der passer til enhver smag og k\u00f8ret\u00f8jstype. Skab et personligt pr\u00e6g p\u00e5 din bil og oplev en forbedret k\u00f8reoplevelse med vores f\u00f8rsteklasses f\u00e6lge. K\u00f8b nu og giv dit k\u00f8ret\u00f8j det look, det fortjener.","og_url":"https:\/\/blohms-daek.dk\/index.php\/faelge\/","og_site_name":"Blohm&#039;s Eftf.","article_publisher":"https:\/\/www.facebook.com\/blohmsdaek","article_modified_time":"2024-03-15T05:32:18+00:00","og_image":[{"url":"https:\/\/blohms-daek.dk\/wp-content\/uploads\/2024\/03\/EuroWheels.png","type":"","width":"","height":""}],"twitter_card":"summary_large_image","twitter_misc":{"Estimeret l\u00e6setid":"1 minut"},"schema":{"@context":"https:\/\/schema.org","@graph":[{"@type":"WebPage","@id":"https:\/\/blohms-daek.dk\/index.php\/faelge\/","url":"https:\/\/blohms-daek.dk\/index.php\/faelge\/","name":"F\u00e6lge - Blohm&#039;s Eftf.","isPartOf":{"@id":"https:\/\/blohms-daek.dk\/#website"},"primaryImageOfPage":{"@id":"https:\/\/blohms-daek.dk\/index.php\/faelge\/#primaryimage"},"image":{"@id":"https:\/\/blohms-daek.dk\/index.php\/faelge\/#primaryimage"},"thumbnailUrl":"https:\/\/blohms-daek.dk\/wp-content\/uploads\/2024\/03\/EuroWheels.png","datePublished":"2024-03-15T02:58:47+00:00","dateModified":"2024-03-15T05:32:18+00:00","description":"Opgrader dit k\u00f8ret\u00f8js udseende og ydeevne med vores eksklusive udvalg af f\u00e6lge hos Blohms Eftf. Udforsk et bredt udvalg af stilfulde og holdbare aluminiums- og st\u00e5lf\u00e6lge i forskellige st\u00f8rrelser og designs. Fra sporty til klassisk, har vi f\u00e6lge, der passer til enhver smag og k\u00f8ret\u00f8jstype. Skab et personligt pr\u00e6g p\u00e5 din bil og oplev en forbedret k\u00f8reoplevelse med vores f\u00f8rsteklasses f\u00e6lge. K\u00f8b nu og giv dit k\u00f8ret\u00f8j det look, det fortjener.","breadcrumb":{"@id":"https:\/\/blohms-daek.dk\/index.php\/faelge\/#breadcrumb"},"inLanguage":"da-DK","potentialAction":[{"@type":"ReadAction","target":["https:\/\/blohms-daek.dk\/index.php\/faelge\/"]}]},{"@type":"ImageObject","inLanguage":"da-DK","@id":"https:\/\/blohms-daek.dk\/index.php\/faelge\/#primaryimage","url":"https:\/\/blohms-daek.dk\/wp-content\/uploads\/2024\/03\/EuroWheels.png","contentUrl":"https:\/\/blohms-daek.dk\/wp-content\/uploads\/2024\/03\/EuroWheels.png","width":144,"height":43},{"@type":"BreadcrumbList","@id":"https:\/\/blohms-daek.dk\/index.php\/faelge\/#breadcrumb","itemListElement":[{"@type":"ListItem","position":1,"name":"Hjem","item":"https:\/\/blohms-daek.dk\/"},{"@type":"ListItem","position":2,"name":"F\u00e6lge"}]},{"@type":"WebSite","@id":"https:\/\/blohms-daek.dk\/#website","url":"https:\/\/blohms-daek.dk\/","name":"Blohm&#039;s Eftf.","description":"D\u00e6k og f\u00e6lge ApS","publisher":{"@id":"https:\/\/blohms-daek.dk\/#organization"},"potentialAction":[{"@type":"SearchAction","target":{"@type":"EntryPoint","urlTemplate":"https:\/\/blohms-daek.dk\/?s={search_term_string}"},"query-input":{"@type":"PropertyValueSpecification","valueRequired":true,"valueName":"search_term_string"}}],"inLanguage":"da-DK"},{"@type":"Organization","@id":"https:\/\/blohms-daek.dk\/#organization","name":"Blohm&#039;s Eftf.","url":"https:\/\/blohms-daek.dk\/","logo":{"@type":"ImageObject","inLanguage":"da-DK","@id":"https:\/\/blohms-daek.dk\/#\/schema\/logo\/image\/","url":"https:\/\/blohms-daek.dk\/wp-content\/uploads\/2023\/10\/Blohms-Logo.png","contentUrl":"https:\/\/blohms-daek.dk\/wp-content\/uploads\/2023\/10\/Blohms-Logo.png","width":293,"height":77,"caption":"Blohm&#039;s Eftf."},"image":{"@id":"https:\/\/blohms-daek.dk\/#\/schema\/logo\/image\/"},"sameAs":["https:\/\/www.facebook.com\/blohmsdaek"]}]}},"_links":{"self":[{"href":"https:\/\/blohms-daek.dk\/index.php\/wp-json\/wp\/v2\/pages\/205","targetHints":{"allow":["GET"]}}],"collection":[{"href":"https:\/\/blohms-daek.dk\/index.php\/wp-json\/wp\/v2\/pages"}],"about":[{"href":"https:\/\/blohms-daek.dk\/index.php\/wp-json\/wp\/v2\/types\/page"}],"author":[{"embeddable":true,"href":"https:\/\/blohms-daek.dk\/index.php\/wp-json\/wp\/v2\/users\/1"}],"replies":[{"embeddable":true,"href":"https:\/\/blohms-daek.dk\/index.php\/wp-json\/wp\/v2\/comments?post=205"}],"version-history":[{"count":0,"href":"https:\/\/blohms-daek.dk\/index.php\/wp-json\/wp\/v2\/pages\/205\/revisions"}],"wp:attachment":[{"href":"https:\/\/blohms-daek.dk\/index.php\/wp-json\/wp\/v2\/media?parent=205"}],"curies":[{"name":"wp","href":"https:\/\/api.w.org\/{rel}","templated":true}]}}