{"id":28,"date":"2023-10-25T16:19:26","date_gmt":"2023-10-25T14:19:26","guid":{"rendered":"https:\/\/blohms-daek.dk\/?page_id=28"},"modified":"2025-10-30T14:37:16","modified_gmt":"2025-10-30T13:37:16","slug":"book-tid","status":"publish","type":"page","link":"https:\/\/blohms-daek.dk\/index.php\/book-tid\/","title":{"rendered":"Book Tid"},"content":{"rendered":"\n<div class=\"wp-block-bookly-search-form-my-form-539\"><script type=\"text\/javascript\">\n    (function (win, fn) {\n        var done = false, top = true,\n            doc = win.document,\n            root = doc.documentElement,\n            modern = doc.addEventListener,\n            add = modern ? 'addEventListener' : 'attachEvent',\n            rem = modern ? 'removeEventListener' : 'detachEvent',\n            pre = modern ? '' : 'on',\n            init = function (e) {\n                if (e.type == 'readystatechange') if (doc.readyState != 'complete') return;\n                (e.type == 'load' ? win : doc)[rem](pre + e.type, init, false);\n                if (!done) {\n                    done = true;\n                    fn.call(win, e.type || e);\n                }\n            },\n            poll = function () {\n                try {\n                    root.doScroll('left');\n                } catch (e) {\n                    setTimeout(poll, 50);\n                    return;\n                }\n                init('poll');\n            };\n        if (doc.readyState == 'complete') fn.call(win, 'lazy');\n        else {\n            if (!modern) if (root.doScroll) {\n                try {\n                    top = !win.frameElement;\n                } catch (e) {\n                }\n                if (top) poll();\n            }\n            doc[add](pre + 'DOMContentLoaded', init, false);\n            doc[add](pre + 'readystatechange', init, false);\n            win[add](pre + 'load', init, false);\n        }\n    })(window, function () {\n        window.BooklySearchForm.showForm(\"bookly-search-form-my-form-539\", \"bookly-search-form-my-form-539-69ea39bfa428a\", {\"main_color\":\"#F4662F\",\"service_card_width\":260,\"service_header_height\":120,\"staff_card_width\":260,\"hide_borders\":false,\"show_book_more\":true,\"show_qr_code\":true,\"show_calendar\":true,\"show_services_filter\":true,\"show_staff_filter\":false,\"show_staff_rating\":false,\"show_timezone\":false,\"show_receipt_on_cart\":true,\"show_receipt_on_payment\":true,\"skip_cart_step\":false,\"use_cart_local_storage\":true,\"default_service\":\"1\",\"default_staff\":null,\"service_card_show_badge\":false,\"package_card_show_badge\":true,\"gift_card_show_badge\":true,\"services_fields_order\":[\"service\",\"duration\",\"price\",\"staff\"],\"services_fields_show\":[],\"packages_fields_order\":[\"package\",\"service\",\"duration\",\"price\",\"staff\"],\"packages_fields_show\":[\"package\",\"service\",\"duration\",\"price\"],\"gift_cards_fields_order\":[\"title\",\"price\"],\"gift_cards_fields_show\":[\"title\",\"price\"],\"show_first_slot_only\":false,\"show_gift_cards\":true,\"show_add_to_calendar\":true,\"show_slot_info\":false,\"sell_services\":true,\"sell_gift_cards\":false,\"full_name_required\":true,\"first_name_required\":true,\"last_name_required\":true,\"email_required\":true,\"phone_required\":true,\"address_required\":false,\"birthday_required\":false,\"verify_credentials\":false,\"show_summary_service\":true,\"show_summary_staff\":true,\"show_summary_date\":true,\"show_summary_price\":false,\"show_blocked_slots\":false,\"show_change_date\":true,\"initial_view\":\"form\",\"hidden_services\":[],\"hidden_gift_cards\":[],\"details_fields_order\":[\"text\",\"full_name\",\"first_name\",\"last_name\",\"email\",\"phone\",\"address\",\"notes\",\"birthday\",\"terms\",\"google_maps\",\"custom_fields\"],\"details_fields_width\":{\"text\":12,\"full_name\":12,\"first_name\":6,\"last_name\":6,\"email\":6,\"phone\":6,\"google_maps\":12,\"address\":12,\"notes\":12,\"birthday\":12,\"terms\":12,\"custom_fields\":[]},\"details_fields_show\":[\"text\",\"first_name\",\"last_name\",\"email\",\"phone\",\"custom_fields\",\"notes\"],\"cards_display_mode\":\"all\",\"available_dates\":\"with_slots\",\"show_services_mode\":\"all\",\"address\":{\"order\":[\"country\",\"state\",\"postcode\",\"city\",\"street\",\"street_number\",\"additional_address\"],\"show\":[\"country\",\"state\",\"postcode\",\"city\",\"street\",\"street_number\",\"additional_address\"],\"labels\":{\"country\":\"Country\",\"state\":\"State\\\/Region\",\"postcode\":\"Postal Code\",\"city\":\"City\",\"street\":\"Street Address\",\"street_number\":\"Street Number\",\"additional_address\":\"Additional Address\"}},\"l10n\":{\"steps\":{\"calendar\":\"Start\",\"extras\":\"Extras\",\"slots\":\"Time\",\"cart\":\"Cart\",\"details\":\"Details\",\"payment\":\"Payment\",\"done\":\"Finish\"},\"steps_descriptions\":{\"calendar\":\"Select service\",\"extras\":\"Add extras\",\"slots\":\"Select time slot\",\"cart\":\"Check cart\",\"details\":\"Your information\",\"payment\":\"Make purchase\",\"done\":\"Done\"},\"address_label\":\"Address\",\"address_placeholders\":{\"country\":\"Country\",\"state\":\"State\\\/Region\",\"postcode\":\"Postal Code\",\"city\":\"City\",\"street\":\"Street Address\",\"street_number\":\"Street Number\",\"additional_address\":\"Additional Address\"},\"notes\":\"Bem\\u00e6rkninger (Evt. alternativt telefonnummer dine hjul kan v\\u00e6re registreret p\\u00e5)\",\"birthday\":\"Birthday\",\"staff\":\"Lokation\",\"any_staff\":\"Any\",\"service\":\"Opgave\",\"gift_card\":\"Gift card\",\"gift_card_title\":\"Gift card\",\"date\":\"Dato\",\"time\":\"Time\",\"price\":\"Price\",\"next\":\"Next\",\"back\":\"Tilbage\",\"select_service\":\"Select service\",\"select_staff\":\"Any\",\"book_now\":\"Book\",\"buy_now\":\"Buy now\",\"book_more\":\"Book yderligere tid\",\"close\":\"Luk\",\"full_name\":\"Full name\",\"full_name_error_required\":\"Required\",\"first_name\":\"Fornavn\",\"first_name_error_required\":\"Required\",\"last_name\":\"Efternavn\",\"last_name_error_required\":\"Required\",\"email\":\"Email\",\"email_error_required\":\"Required\",\"phone\":\"Telefonnummer\",\"phone_error_required\":\"Required\",\"address_field_required\":\"Required\",\"birthday_error_required\":\"Required\",\"no_slots\":\"Ingen ledige tider denne dag\",\"slot_not_available\":\"Tiden er allerede optaget\",\"no_results\":\"No results found\",\"nop\":\"Number of persons\",\"booking_success\":\"Mange tak for ordren.\",\"booking_error\":\"Oops!\",\"booking_completed\":\"Din booking er registreret\",\"order_id\":\"Your order number\",\"gift_card_booking_completed\":\"Your gift card has been created.\",\"processing\":\"Your payment has been accepted for processing.\",\"group_skip_payment\":\"Payment has been skipped.\",\"payment_impossible\":\"No payment methods available. Please contact service provider.\",\"appointments_limit_reached\":\"You are trying to use the service too often. Please contact us to make a booking.\",\"terms_text\":\"I agree to the terms of service\",\"text_calendar\":\"1. V\\u00e6lg en ledig dag i kalenderen. <br> 2. V\\u00e6lg herefter hvilken opgave der \\u00f8nskes udf\\u00f8rt i menuen under kalenderen. <br>\\n3. Tryk til sidst p\\u00e5 billedet under denne tekst for at komme videre til bestilling af tidspunkt.\\n<br>\\n<br>\\n<br>\",\"text_extras\":\"Select the Extras you'd like (Multiple Selection)\",\"text_slots\":\"V\\u00e6lg tidspunkt for opgaven\",\"text_details\":\"Indtast venligst dine kontaktoplysninger.\\nEventuelle bem\\u00e6rkninger til ordren kan ogs\\u00e5 skrives her.\",\"text_payment\":\"Please tell us how you would like to pay\",\"gift_card_label\":\"Gift card\",\"gift_card_button\":\"Apply\",\"gift_card_text\":\"Your gift card code if you have one\",\"gift_card_expired\":\"This gift card has expired\",\"gift_card_invalid\":\"This gift card cannot be used for the current order\",\"gift_card_low_balance\":\"Gift card balance is not enough\",\"gift_card_not_found\":\"Gift card not found\",\"timezone\":\"Your time zone\",\"select_city\":\"Select city\",\"add_to_calendar\":\"Tilf\\u00f8j til kalender\",\"total\":\"Total\",\"sub_total\":\"Subtotal\",\"discount\":\"Discount\",\"to_pay\":\"Amount to pay\",\"verify_code\":\"Verification code\",\"verify_email\":\"Enter verification code from email\",\"verify_phone\":\"Enter verification code from SMS\",\"verify_resend\":\"Resend code\",\"verify_apply\":\"Apply\",\"verify_code_incorrect\":\"Incorrect verification code\",\"cart_item_not_available\":\"The selected time is not available anymore\",\"initial_view_button_title\":\"View\"},\"type\":\"search-form\",\"categories_any\":false,\"services_any\":false,\"staff_any\":false,\"events_any\":false,\"name\":\"My form\",\"custom_css\":\"\",\"token\":\"my-form-539\"});\n    });\n    var ajaxurl = \"https:\/\/blohms-daek.dk\/wp-admin\/admin-ajax.php\";\n<\/script>\n<style>\n    .bookly-search-form-my-form-539-69ea39bfa428a {\n        --bookly-color: #F4662F;\n    }\n\n    :root {\n        --bookly-flags-url: url(https:\/\/blohms-daek.dk\/wp-content\/plugins\/bookly-responsive-appointment-booking-tool\/frontend\/resources\/images\/flags.png);\n        --bookly-flags2x-url: url(https:\/\/blohms-daek.dk\/wp-content\/plugins\/bookly-responsive-appointment-booking-tool\/frontend\/resources\/images\/flags@2x.png);\n        --rtl-phone-align: left;\n    }\n<\/style>\n<div id=\"bookly-search-form-my-form-539-69ea39bfa428a\" class=\"bookly-search-form-container\"><\/div><\/div>\n\n\n\n<p><\/p>\n","protected":false},"excerpt":{"rendered":"","protected":false},"author":1,"featured_media":0,"parent":0,"menu_order":0,"comment_status":"closed","ping_status":"closed","template":"","meta":{"footnotes":""},"class_list":["post-28","page","type-page","status-publish","hentry"],"yoast_head":"<!-- This site is optimized with the Yoast SEO plugin v27.3 - https:\/\/yoast.com\/product\/yoast-seo-wordpress\/ -->\r\n<title>Book Tid - Blohm&#039;s Eftf.<\/title>\r\n<meta name=\"description\" content=\"Book tid til professionel d\u00e6k- og f\u00e6lgservice hos Blohms Eftf. Vores dedikerede team af eksperter st\u00e5r klar til at hj\u00e6lpe med alt fra d\u00e6kskift og d\u00e6kreparationer til r\u00e5dgivning om f\u00e6lgvalg og -installation. Med vores omfattende ekspertise og h\u00f8jkvalitetsprodukter sikrer vi, at din bil k\u00f8rer sikkert og smidigt p\u00e5 vejene. Bestil din tid online nu og oplev en problemfri og p\u00e5lidelig service hos os.\" \/>\r\n<meta name=\"robots\" content=\"index, follow, max-snippet:-1, max-image-preview:large, max-video-preview:-1\" \/>\r\n<link rel=\"canonical\" href=\"https:\/\/blohms-daek.dk\/index.php\/book-tid\/\" \/>\r\n<meta property=\"og:locale\" content=\"da_DK\" \/>\r\n<meta property=\"og:type\" content=\"article\" \/>\r\n<meta property=\"og:title\" content=\"Book Tid - Blohm&#039;s Eftf.\" \/>\r\n<meta property=\"og:description\" content=\"Book tid til professionel d\u00e6k- og f\u00e6lgservice hos Blohms Eftf. Vores dedikerede team af eksperter st\u00e5r klar til at hj\u00e6lpe med alt fra d\u00e6kskift og d\u00e6kreparationer til r\u00e5dgivning om f\u00e6lgvalg og -installation. Med vores omfattende ekspertise og h\u00f8jkvalitetsprodukter sikrer vi, at din bil k\u00f8rer sikkert og smidigt p\u00e5 vejene. Bestil din tid online nu og oplev en problemfri og p\u00e5lidelig service hos os.\" \/>\r\n<meta property=\"og:url\" content=\"https:\/\/blohms-daek.dk\/index.php\/book-tid\/\" \/>\r\n<meta property=\"og:site_name\" content=\"Blohm&#039;s Eftf.\" \/>\r\n<meta property=\"article:publisher\" content=\"https:\/\/www.facebook.com\/blohmsdaek\" \/>\r\n<meta property=\"article:modified_time\" content=\"2025-10-30T13:37:16+00:00\" \/>\r\n<meta name=\"twitter:card\" content=\"summary_large_image\" \/>\r\n<meta name=\"twitter:label1\" content=\"Estimeret l\u00e6setid\" \/>\n\t<meta name=\"twitter:data1\" content=\"1 minut\" \/>\r\n<script type=\"application\/ld+json\" class=\"yoast-schema-graph\">{\"@context\":\"https:\\\/\\\/schema.org\",\"@graph\":[{\"@type\":\"WebPage\",\"@id\":\"https:\\\/\\\/blohms-daek.dk\\\/index.php\\\/book-tid\\\/\",\"url\":\"https:\\\/\\\/blohms-daek.dk\\\/index.php\\\/book-tid\\\/\",\"name\":\"Book Tid - Blohm&#039;s Eftf.\",\"isPartOf\":{\"@id\":\"https:\\\/\\\/blohms-daek.dk\\\/#website\"},\"datePublished\":\"2023-10-25T14:19:26+00:00\",\"dateModified\":\"2025-10-30T13:37:16+00:00\",\"description\":\"Book tid til professionel d\u00e6k- og f\u00e6lgservice hos Blohms Eftf. Vores dedikerede team af eksperter st\u00e5r klar til at hj\u00e6lpe med alt fra d\u00e6kskift og d\u00e6kreparationer til r\u00e5dgivning om f\u00e6lgvalg og -installation. Med vores omfattende ekspertise og h\u00f8jkvalitetsprodukter sikrer vi, at din bil k\u00f8rer sikkert og smidigt p\u00e5 vejene. Bestil din tid online nu og oplev en problemfri og p\u00e5lidelig service hos os.\",\"breadcrumb\":{\"@id\":\"https:\\\/\\\/blohms-daek.dk\\\/index.php\\\/book-tid\\\/#breadcrumb\"},\"inLanguage\":\"da-DK\",\"potentialAction\":[{\"@type\":\"ReadAction\",\"target\":[\"https:\\\/\\\/blohms-daek.dk\\\/index.php\\\/book-tid\\\/\"]}]},{\"@type\":\"BreadcrumbList\",\"@id\":\"https:\\\/\\\/blohms-daek.dk\\\/index.php\\\/book-tid\\\/#breadcrumb\",\"itemListElement\":[{\"@type\":\"ListItem\",\"position\":1,\"name\":\"Hjem\",\"item\":\"https:\\\/\\\/blohms-daek.dk\\\/\"},{\"@type\":\"ListItem\",\"position\":2,\"name\":\"Book Tid\"}]},{\"@type\":\"WebSite\",\"@id\":\"https:\\\/\\\/blohms-daek.dk\\\/#website\",\"url\":\"https:\\\/\\\/blohms-daek.dk\\\/\",\"name\":\"Blohm&#039;s Eftf.\",\"description\":\"D\u00e6k og f\u00e6lge ApS\",\"publisher\":{\"@id\":\"https:\\\/\\\/blohms-daek.dk\\\/#organization\"},\"potentialAction\":[{\"@type\":\"SearchAction\",\"target\":{\"@type\":\"EntryPoint\",\"urlTemplate\":\"https:\\\/\\\/blohms-daek.dk\\\/?s={search_term_string}\"},\"query-input\":{\"@type\":\"PropertyValueSpecification\",\"valueRequired\":true,\"valueName\":\"search_term_string\"}}],\"inLanguage\":\"da-DK\"},{\"@type\":\"Organization\",\"@id\":\"https:\\\/\\\/blohms-daek.dk\\\/#organization\",\"name\":\"Blohm&#039;s Eftf.\",\"url\":\"https:\\\/\\\/blohms-daek.dk\\\/\",\"logo\":{\"@type\":\"ImageObject\",\"inLanguage\":\"da-DK\",\"@id\":\"https:\\\/\\\/blohms-daek.dk\\\/#\\\/schema\\\/logo\\\/image\\\/\",\"url\":\"https:\\\/\\\/blohms-daek.dk\\\/wp-content\\\/uploads\\\/2023\\\/10\\\/Blohms-Logo.png\",\"contentUrl\":\"https:\\\/\\\/blohms-daek.dk\\\/wp-content\\\/uploads\\\/2023\\\/10\\\/Blohms-Logo.png\",\"width\":293,\"height\":77,\"caption\":\"Blohm&#039;s Eftf.\"},\"image\":{\"@id\":\"https:\\\/\\\/blohms-daek.dk\\\/#\\\/schema\\\/logo\\\/image\\\/\"},\"sameAs\":[\"https:\\\/\\\/www.facebook.com\\\/blohmsdaek\"]}]}<\/script>\r\n<!-- \/ Yoast SEO plugin. -->","yoast_head_json":{"title":"Book Tid - Blohm&#039;s Eftf.","description":"Book tid til professionel d\u00e6k- og f\u00e6lgservice hos Blohms Eftf. Vores dedikerede team af eksperter st\u00e5r klar til at hj\u00e6lpe med alt fra d\u00e6kskift og d\u00e6kreparationer til r\u00e5dgivning om f\u00e6lgvalg og -installation. Med vores omfattende ekspertise og h\u00f8jkvalitetsprodukter sikrer vi, at din bil k\u00f8rer sikkert og smidigt p\u00e5 vejene. Bestil din tid online nu og oplev en problemfri og p\u00e5lidelig service hos os.","robots":{"index":"index","follow":"follow","max-snippet":"max-snippet:-1","max-image-preview":"max-image-preview:large","max-video-preview":"max-video-preview:-1"},"canonical":"https:\/\/blohms-daek.dk\/index.php\/book-tid\/","og_locale":"da_DK","og_type":"article","og_title":"Book Tid - Blohm&#039;s Eftf.","og_description":"Book tid til professionel d\u00e6k- og f\u00e6lgservice hos Blohms Eftf. Vores dedikerede team af eksperter st\u00e5r klar til at hj\u00e6lpe med alt fra d\u00e6kskift og d\u00e6kreparationer til r\u00e5dgivning om f\u00e6lgvalg og -installation. Med vores omfattende ekspertise og h\u00f8jkvalitetsprodukter sikrer vi, at din bil k\u00f8rer sikkert og smidigt p\u00e5 vejene. Bestil din tid online nu og oplev en problemfri og p\u00e5lidelig service hos os.","og_url":"https:\/\/blohms-daek.dk\/index.php\/book-tid\/","og_site_name":"Blohm&#039;s Eftf.","article_publisher":"https:\/\/www.facebook.com\/blohmsdaek","article_modified_time":"2025-10-30T13:37:16+00:00","twitter_card":"summary_large_image","twitter_misc":{"Estimeret l\u00e6setid":"1 minut"},"schema":{"@context":"https:\/\/schema.org","@graph":[{"@type":"WebPage","@id":"https:\/\/blohms-daek.dk\/index.php\/book-tid\/","url":"https:\/\/blohms-daek.dk\/index.php\/book-tid\/","name":"Book Tid - Blohm&#039;s Eftf.","isPartOf":{"@id":"https:\/\/blohms-daek.dk\/#website"},"datePublished":"2023-10-25T14:19:26+00:00","dateModified":"2025-10-30T13:37:16+00:00","description":"Book tid til professionel d\u00e6k- og f\u00e6lgservice hos Blohms Eftf. Vores dedikerede team af eksperter st\u00e5r klar til at hj\u00e6lpe med alt fra d\u00e6kskift og d\u00e6kreparationer til r\u00e5dgivning om f\u00e6lgvalg og -installation. Med vores omfattende ekspertise og h\u00f8jkvalitetsprodukter sikrer vi, at din bil k\u00f8rer sikkert og smidigt p\u00e5 vejene. Bestil din tid online nu og oplev en problemfri og p\u00e5lidelig service hos os.","breadcrumb":{"@id":"https:\/\/blohms-daek.dk\/index.php\/book-tid\/#breadcrumb"},"inLanguage":"da-DK","potentialAction":[{"@type":"ReadAction","target":["https:\/\/blohms-daek.dk\/index.php\/book-tid\/"]}]},{"@type":"BreadcrumbList","@id":"https:\/\/blohms-daek.dk\/index.php\/book-tid\/#breadcrumb","itemListElement":[{"@type":"ListItem","position":1,"name":"Hjem","item":"https:\/\/blohms-daek.dk\/"},{"@type":"ListItem","position":2,"name":"Book Tid"}]},{"@type":"WebSite","@id":"https:\/\/blohms-daek.dk\/#website","url":"https:\/\/blohms-daek.dk\/","name":"Blohm&#039;s Eftf.","description":"D\u00e6k og f\u00e6lge ApS","publisher":{"@id":"https:\/\/blohms-daek.dk\/#organization"},"potentialAction":[{"@type":"SearchAction","target":{"@type":"EntryPoint","urlTemplate":"https:\/\/blohms-daek.dk\/?s={search_term_string}"},"query-input":{"@type":"PropertyValueSpecification","valueRequired":true,"valueName":"search_term_string"}}],"inLanguage":"da-DK"},{"@type":"Organization","@id":"https:\/\/blohms-daek.dk\/#organization","name":"Blohm&#039;s Eftf.","url":"https:\/\/blohms-daek.dk\/","logo":{"@type":"ImageObject","inLanguage":"da-DK","@id":"https:\/\/blohms-daek.dk\/#\/schema\/logo\/image\/","url":"https:\/\/blohms-daek.dk\/wp-content\/uploads\/2023\/10\/Blohms-Logo.png","contentUrl":"https:\/\/blohms-daek.dk\/wp-content\/uploads\/2023\/10\/Blohms-Logo.png","width":293,"height":77,"caption":"Blohm&#039;s Eftf."},"image":{"@id":"https:\/\/blohms-daek.dk\/#\/schema\/logo\/image\/"},"sameAs":["https:\/\/www.facebook.com\/blohmsdaek"]}]}},"_links":{"self":[{"href":"https:\/\/blohms-daek.dk\/index.php\/wp-json\/wp\/v2\/pages\/28","targetHints":{"allow":["GET"]}}],"collection":[{"href":"https:\/\/blohms-daek.dk\/index.php\/wp-json\/wp\/v2\/pages"}],"about":[{"href":"https:\/\/blohms-daek.dk\/index.php\/wp-json\/wp\/v2\/types\/page"}],"author":[{"embeddable":true,"href":"https:\/\/blohms-daek.dk\/index.php\/wp-json\/wp\/v2\/users\/1"}],"replies":[{"embeddable":true,"href":"https:\/\/blohms-daek.dk\/index.php\/wp-json\/wp\/v2\/comments?post=28"}],"version-history":[{"count":2,"href":"https:\/\/blohms-daek.dk\/index.php\/wp-json\/wp\/v2\/pages\/28\/revisions"}],"predecessor-version":[{"id":284,"href":"https:\/\/blohms-daek.dk\/index.php\/wp-json\/wp\/v2\/pages\/28\/revisions\/284"}],"wp:attachment":[{"href":"https:\/\/blohms-daek.dk\/index.php\/wp-json\/wp\/v2\/media?parent=28"}],"curies":[{"name":"wp","href":"https:\/\/api.w.org\/{rel}","templated":true}]}}