{"id":72,"date":"2023-10-26T10:32:19","date_gmt":"2023-10-26T08:32:19","guid":{"rendered":"https:\/\/blohms-daek.dk\/?page_id=72"},"modified":"2024-03-15T08:48:14","modified_gmt":"2024-03-15T07:48:14","slug":"vi-tilbyder","status":"publish","type":"page","link":"https:\/\/blohms-daek.dk\/index.php\/vi-tilbyder\/","title":{"rendered":"Vi tilbyder"},"content":{"rendered":"\n<p>Salg af d\u00e6k til personbil, SUV, varevogn og motorcykel<br>Salg af st\u00e5l- eller aluf\u00e6lge<br>Salg, montering og lapning af landbrugsd\u00e6k<br>Skift af sommer-\/ vinterhjul, eller af l\u00f8se d\u00e6k<br>Opbevaring sommer\/vinterhjul<br>Montering og afbalancering af person- og varevognshjul<br>Montering og afbalancering af motorcykelhjul<br>Lapning af alle typer af d\u00e6k og slanger<br><br>Ring til os hvis du har andre problemer med dine d\u00e6k eller f\u00e6lge, og vi vil fors\u00f8ge at hj\u00e6lpe dig<\/p>\n\n\n\n<figure class=\"wp-block-image size-large\"><img loading=\"lazy\" decoding=\"async\" width=\"1024\" height=\"409\" src=\"https:\/\/blohms-daek.dk\/wp-content\/uploads\/2023\/10\/KomFrisk-1024x409.png\" alt=\"\" class=\"wp-image-131\" srcset=\"https:\/\/blohms-daek.dk\/wp-content\/uploads\/2023\/10\/KomFrisk-1024x409.png 1024w, https:\/\/blohms-daek.dk\/wp-content\/uploads\/2023\/10\/KomFrisk-300x120.png 300w, https:\/\/blohms-daek.dk\/wp-content\/uploads\/2023\/10\/KomFrisk-768x307.png 768w, https:\/\/blohms-daek.dk\/wp-content\/uploads\/2023\/10\/KomFrisk-1536x614.png 1536w, https:\/\/blohms-daek.dk\/wp-content\/uploads\/2023\/10\/KomFrisk.png 2048w\" sizes=\"auto, (max-width: 1024px) 100vw, 1024px\" \/><\/figure>\n","protected":false},"excerpt":{"rendered":"<p>Salg af d\u00e6k til personbil, SUV, varevogn og motorcykelSalg af st\u00e5l- eller aluf\u00e6lgeSalg, montering og lapning af landbrugsd\u00e6kSkift af sommer-\/ vinterhjul, eller af l\u00f8se d\u00e6kOpbevaring sommer\/vinterhjulMontering og afbalancering af person- og varevognshjulMontering og afbalancering af motorcykelhjulLapning af alle typer af d\u00e6k og slanger Ring til os hvis du har andre problemer med dine d\u00e6k eller [&hellip;]<\/p>\n","protected":false},"author":1,"featured_media":0,"parent":0,"menu_order":0,"comment_status":"closed","ping_status":"closed","template":"","meta":{"footnotes":""},"class_list":["post-72","page","type-page","status-publish","hentry"],"yoast_head":"<!-- This site is optimized with the Yoast SEO plugin v27.3 - https:\/\/yoast.com\/product\/yoast-seo-wordpress\/ -->\r\n<title>Vi tilbyder - Blohm&#039;s Eftf.<\/title>\r\n<meta name=\"robots\" content=\"index, follow, max-snippet:-1, max-image-preview:large, max-video-preview:-1\" \/>\r\n<link rel=\"canonical\" href=\"https:\/\/blohms-daek.dk\/index.php\/vi-tilbyder\/\" \/>\r\n<meta property=\"og:locale\" content=\"da_DK\" \/>\r\n<meta property=\"og:type\" content=\"article\" \/>\r\n<meta property=\"og:title\" content=\"Vi tilbyder - Blohm&#039;s Eftf.\" \/>\r\n<meta property=\"og:description\" content=\"Salg af d\u00e6k til personbil, SUV, varevogn og motorcykelSalg af st\u00e5l- eller aluf\u00e6lgeSalg, montering og lapning af landbrugsd\u00e6kSkift af sommer-\/ vinterhjul, eller af l\u00f8se d\u00e6kOpbevaring sommer\/vinterhjulMontering og afbalancering af person- og varevognshjulMontering og afbalancering af motorcykelhjulLapning af alle typer af d\u00e6k og slanger Ring til os hvis du har andre problemer med dine d\u00e6k eller [&hellip;]\" \/>\r\n<meta property=\"og:url\" content=\"https:\/\/blohms-daek.dk\/index.php\/vi-tilbyder\/\" \/>\r\n<meta property=\"og:site_name\" content=\"Blohm&#039;s Eftf.\" \/>\r\n<meta property=\"article:publisher\" content=\"https:\/\/www.facebook.com\/blohmsdaek\" \/>\r\n<meta property=\"article:modified_time\" content=\"2024-03-15T07:48:14+00:00\" \/>\r\n<meta property=\"og:image\" content=\"https:\/\/blohms-daek.dk\/wp-content\/uploads\/2023\/10\/KomFrisk-1024x409.png\" \/>\r\n<meta name=\"twitter:card\" content=\"summary_large_image\" \/>\r\n<meta name=\"twitter:label1\" content=\"Estimeret l\u00e6setid\" \/>\n\t<meta name=\"twitter:data1\" content=\"1 minut\" \/>\r\n<script type=\"application\/ld+json\" class=\"yoast-schema-graph\">{\"@context\":\"https:\\\/\\\/schema.org\",\"@graph\":[{\"@type\":\"WebPage\",\"@id\":\"https:\\\/\\\/blohms-daek.dk\\\/index.php\\\/vi-tilbyder\\\/\",\"url\":\"https:\\\/\\\/blohms-daek.dk\\\/index.php\\\/vi-tilbyder\\\/\",\"name\":\"Vi tilbyder - Blohm&#039;s Eftf.\",\"isPartOf\":{\"@id\":\"https:\\\/\\\/blohms-daek.dk\\\/#website\"},\"primaryImageOfPage\":{\"@id\":\"https:\\\/\\\/blohms-daek.dk\\\/index.php\\\/vi-tilbyder\\\/#primaryimage\"},\"image\":{\"@id\":\"https:\\\/\\\/blohms-daek.dk\\\/index.php\\\/vi-tilbyder\\\/#primaryimage\"},\"thumbnailUrl\":\"https:\\\/\\\/blohms-daek.dk\\\/wp-content\\\/uploads\\\/2023\\\/10\\\/KomFrisk-1024x409.png\",\"datePublished\":\"2023-10-26T08:32:19+00:00\",\"dateModified\":\"2024-03-15T07:48:14+00:00\",\"breadcrumb\":{\"@id\":\"https:\\\/\\\/blohms-daek.dk\\\/index.php\\\/vi-tilbyder\\\/#breadcrumb\"},\"inLanguage\":\"da-DK\",\"potentialAction\":[{\"@type\":\"ReadAction\",\"target\":[\"https:\\\/\\\/blohms-daek.dk\\\/index.php\\\/vi-tilbyder\\\/\"]}]},{\"@type\":\"ImageObject\",\"inLanguage\":\"da-DK\",\"@id\":\"https:\\\/\\\/blohms-daek.dk\\\/index.php\\\/vi-tilbyder\\\/#primaryimage\",\"url\":\"https:\\\/\\\/blohms-daek.dk\\\/wp-content\\\/uploads\\\/2023\\\/10\\\/KomFrisk.png\",\"contentUrl\":\"https:\\\/\\\/blohms-daek.dk\\\/wp-content\\\/uploads\\\/2023\\\/10\\\/KomFrisk.png\",\"width\":2048,\"height\":818},{\"@type\":\"BreadcrumbList\",\"@id\":\"https:\\\/\\\/blohms-daek.dk\\\/index.php\\\/vi-tilbyder\\\/#breadcrumb\",\"itemListElement\":[{\"@type\":\"ListItem\",\"position\":1,\"name\":\"Hjem\",\"item\":\"https:\\\/\\\/blohms-daek.dk\\\/\"},{\"@type\":\"ListItem\",\"position\":2,\"name\":\"Vi tilbyder\"}]},{\"@type\":\"WebSite\",\"@id\":\"https:\\\/\\\/blohms-daek.dk\\\/#website\",\"url\":\"https:\\\/\\\/blohms-daek.dk\\\/\",\"name\":\"Blohm&#039;s Eftf.\",\"description\":\"D\u00e6k og f\u00e6lge ApS\",\"publisher\":{\"@id\":\"https:\\\/\\\/blohms-daek.dk\\\/#organization\"},\"potentialAction\":[{\"@type\":\"SearchAction\",\"target\":{\"@type\":\"EntryPoint\",\"urlTemplate\":\"https:\\\/\\\/blohms-daek.dk\\\/?s={search_term_string}\"},\"query-input\":{\"@type\":\"PropertyValueSpecification\",\"valueRequired\":true,\"valueName\":\"search_term_string\"}}],\"inLanguage\":\"da-DK\"},{\"@type\":\"Organization\",\"@id\":\"https:\\\/\\\/blohms-daek.dk\\\/#organization\",\"name\":\"Blohm&#039;s Eftf.\",\"url\":\"https:\\\/\\\/blohms-daek.dk\\\/\",\"logo\":{\"@type\":\"ImageObject\",\"inLanguage\":\"da-DK\",\"@id\":\"https:\\\/\\\/blohms-daek.dk\\\/#\\\/schema\\\/logo\\\/image\\\/\",\"url\":\"https:\\\/\\\/blohms-daek.dk\\\/wp-content\\\/uploads\\\/2023\\\/10\\\/Blohms-Logo.png\",\"contentUrl\":\"https:\\\/\\\/blohms-daek.dk\\\/wp-content\\\/uploads\\\/2023\\\/10\\\/Blohms-Logo.png\",\"width\":293,\"height\":77,\"caption\":\"Blohm&#039;s Eftf.\"},\"image\":{\"@id\":\"https:\\\/\\\/blohms-daek.dk\\\/#\\\/schema\\\/logo\\\/image\\\/\"},\"sameAs\":[\"https:\\\/\\\/www.facebook.com\\\/blohmsdaek\"]}]}<\/script>\r\n<!-- \/ Yoast SEO plugin. -->","yoast_head_json":{"title":"Vi tilbyder - Blohm&#039;s Eftf.","robots":{"index":"index","follow":"follow","max-snippet":"max-snippet:-1","max-image-preview":"max-image-preview:large","max-video-preview":"max-video-preview:-1"},"canonical":"https:\/\/blohms-daek.dk\/index.php\/vi-tilbyder\/","og_locale":"da_DK","og_type":"article","og_title":"Vi tilbyder - Blohm&#039;s Eftf.","og_description":"Salg af d\u00e6k til personbil, SUV, varevogn og motorcykelSalg af st\u00e5l- eller aluf\u00e6lgeSalg, montering og lapning af landbrugsd\u00e6kSkift af sommer-\/ vinterhjul, eller af l\u00f8se d\u00e6kOpbevaring sommer\/vinterhjulMontering og afbalancering af person- og varevognshjulMontering og afbalancering af motorcykelhjulLapning af alle typer af d\u00e6k og slanger Ring til os hvis du har andre problemer med dine d\u00e6k eller [&hellip;]","og_url":"https:\/\/blohms-daek.dk\/index.php\/vi-tilbyder\/","og_site_name":"Blohm&#039;s Eftf.","article_publisher":"https:\/\/www.facebook.com\/blohmsdaek","article_modified_time":"2024-03-15T07:48:14+00:00","og_image":[{"url":"https:\/\/blohms-daek.dk\/wp-content\/uploads\/2023\/10\/KomFrisk-1024x409.png","type":"","width":"","height":""}],"twitter_card":"summary_large_image","twitter_misc":{"Estimeret l\u00e6setid":"1 minut"},"schema":{"@context":"https:\/\/schema.org","@graph":[{"@type":"WebPage","@id":"https:\/\/blohms-daek.dk\/index.php\/vi-tilbyder\/","url":"https:\/\/blohms-daek.dk\/index.php\/vi-tilbyder\/","name":"Vi tilbyder - Blohm&#039;s Eftf.","isPartOf":{"@id":"https:\/\/blohms-daek.dk\/#website"},"primaryImageOfPage":{"@id":"https:\/\/blohms-daek.dk\/index.php\/vi-tilbyder\/#primaryimage"},"image":{"@id":"https:\/\/blohms-daek.dk\/index.php\/vi-tilbyder\/#primaryimage"},"thumbnailUrl":"https:\/\/blohms-daek.dk\/wp-content\/uploads\/2023\/10\/KomFrisk-1024x409.png","datePublished":"2023-10-26T08:32:19+00:00","dateModified":"2024-03-15T07:48:14+00:00","breadcrumb":{"@id":"https:\/\/blohms-daek.dk\/index.php\/vi-tilbyder\/#breadcrumb"},"inLanguage":"da-DK","potentialAction":[{"@type":"ReadAction","target":["https:\/\/blohms-daek.dk\/index.php\/vi-tilbyder\/"]}]},{"@type":"ImageObject","inLanguage":"da-DK","@id":"https:\/\/blohms-daek.dk\/index.php\/vi-tilbyder\/#primaryimage","url":"https:\/\/blohms-daek.dk\/wp-content\/uploads\/2023\/10\/KomFrisk.png","contentUrl":"https:\/\/blohms-daek.dk\/wp-content\/uploads\/2023\/10\/KomFrisk.png","width":2048,"height":818},{"@type":"BreadcrumbList","@id":"https:\/\/blohms-daek.dk\/index.php\/vi-tilbyder\/#breadcrumb","itemListElement":[{"@type":"ListItem","position":1,"name":"Hjem","item":"https:\/\/blohms-daek.dk\/"},{"@type":"ListItem","position":2,"name":"Vi tilbyder"}]},{"@type":"WebSite","@id":"https:\/\/blohms-daek.dk\/#website","url":"https:\/\/blohms-daek.dk\/","name":"Blohm&#039;s Eftf.","description":"D\u00e6k og f\u00e6lge ApS","publisher":{"@id":"https:\/\/blohms-daek.dk\/#organization"},"potentialAction":[{"@type":"SearchAction","target":{"@type":"EntryPoint","urlTemplate":"https:\/\/blohms-daek.dk\/?s={search_term_string}"},"query-input":{"@type":"PropertyValueSpecification","valueRequired":true,"valueName":"search_term_string"}}],"inLanguage":"da-DK"},{"@type":"Organization","@id":"https:\/\/blohms-daek.dk\/#organization","name":"Blohm&#039;s Eftf.","url":"https:\/\/blohms-daek.dk\/","logo":{"@type":"ImageObject","inLanguage":"da-DK","@id":"https:\/\/blohms-daek.dk\/#\/schema\/logo\/image\/","url":"https:\/\/blohms-daek.dk\/wp-content\/uploads\/2023\/10\/Blohms-Logo.png","contentUrl":"https:\/\/blohms-daek.dk\/wp-content\/uploads\/2023\/10\/Blohms-Logo.png","width":293,"height":77,"caption":"Blohm&#039;s Eftf."},"image":{"@id":"https:\/\/blohms-daek.dk\/#\/schema\/logo\/image\/"},"sameAs":["https:\/\/www.facebook.com\/blohmsdaek"]}]}},"_links":{"self":[{"href":"https:\/\/blohms-daek.dk\/index.php\/wp-json\/wp\/v2\/pages\/72","targetHints":{"allow":["GET"]}}],"collection":[{"href":"https:\/\/blohms-daek.dk\/index.php\/wp-json\/wp\/v2\/pages"}],"about":[{"href":"https:\/\/blohms-daek.dk\/index.php\/wp-json\/wp\/v2\/types\/page"}],"author":[{"embeddable":true,"href":"https:\/\/blohms-daek.dk\/index.php\/wp-json\/wp\/v2\/users\/1"}],"replies":[{"embeddable":true,"href":"https:\/\/blohms-daek.dk\/index.php\/wp-json\/wp\/v2\/comments?post=72"}],"version-history":[{"count":0,"href":"https:\/\/blohms-daek.dk\/index.php\/wp-json\/wp\/v2\/pages\/72\/revisions"}],"wp:attachment":[{"href":"https:\/\/blohms-daek.dk\/index.php\/wp-json\/wp\/v2\/media?parent=72"}],"curies":[{"name":"wp","href":"https:\/\/api.w.org\/{rel}","templated":true}]}}