{"id":9,"date":"2023-10-25T16:05:02","date_gmt":"2023-10-25T14:05:02","guid":{"rendered":"https:\/\/blohms-daek.dk\/?page_id=9"},"modified":"2024-03-21T10:03:49","modified_gmt":"2024-03-21T09:03:49","slug":"kontakt","status":"publish","type":"page","link":"https:\/\/blohms-daek.dk\/index.php\/kontakt\/","title":{"rendered":"Om os"},"content":{"rendered":"\n<p>Vi holder til i Ullerslev, p\u00e5 adressen Damsg\u00e5rdvej 11 A, 5540.<br>Hvis du kommer fra Odense: Forts\u00e6t ud af Ullerslev mod Nyborg. Lige efter byskiltet drejer du til h\u00f8jre mod Skellerup p\u00e5 Skellerupvej. K\u00f8r 100 meter og drej til venstre ind p\u00e5 Damsgaardvej.<\/p>\n\n\n\n<p>Kommer du fra Nyborg:  Drej til venstre lige inden du k\u00f8rer ind i Ullerslev p\u00e5 Skellerupvej.  K\u00f8r 100 meter og drej til venstre ind p\u00e5 Damsgaardvej.<\/p>\n\n\n\n<iframe src=\"https:\/\/www.google.com\/maps\/embed?pb=!1m18!1m12!1m3!1d1907.0617941134503!2d10.678479589718943!3d55.3598978892847!2m3!1f0!2f0!3f0!3m2!1i1024!2i768!4f13.1!3m3!1m2!1s0x464d3d6d71d87b09%3A0x4f6ad2163f861bb5!2sBlohms%20Eftf.!5e0!3m2!1sda!2sdk!4v1698309587695!5m2!1sda!2sdk\" width=\"600\" height=\"450\" style=\"border:0;\" allowfullscreen=\"\" loading=\"lazy\" referrerpolicy=\"no-referrer-when-downgrade\"><\/iframe>\n\n\n\n<p>CVR: 31156165<br>Tlf: 6539 1075<br>\u00c5ben man-fre 09.00-17.00 &#8211; L\u00f8rdag efter aftale<\/p>\n\n\n\n<figure class=\"wp-block-image size-full is-style-rounded\"><img loading=\"lazy\" decoding=\"async\" width=\"500\" height=\"667\" src=\"https:\/\/blohms-daek.dk\/wp-content\/uploads\/2024\/03\/Anders.jpeg\" alt=\"\" class=\"wp-image-235\" srcset=\"https:\/\/blohms-daek.dk\/wp-content\/uploads\/2024\/03\/Anders.jpeg 500w, https:\/\/blohms-daek.dk\/wp-content\/uploads\/2024\/03\/Anders-225x300.jpeg 225w\" sizes=\"auto, (max-width: 500px) 100vw, 500px\" \/><\/figure>\n\n\n\n<p>Blohm\u00b4s har eksisteret siden 1972 , og i 2007 overtog Anders Maegaard den daglige drift af nu Blohm\u00b4s eftf. <\/p>\n\n\n\n<figure class=\"wp-block-image size-full is-style-rounded\"><img loading=\"lazy\" decoding=\"async\" width=\"500\" height=\"667\" src=\"https:\/\/blohms-daek.dk\/wp-content\/uploads\/2024\/03\/Sonny.jpg\" alt=\"\" class=\"wp-image-236\" srcset=\"https:\/\/blohms-daek.dk\/wp-content\/uploads\/2024\/03\/Sonny.jpg 500w, https:\/\/blohms-daek.dk\/wp-content\/uploads\/2024\/03\/Sonny-225x300.jpg 225w\" sizes=\"auto, (max-width: 500px) 100vw, 500px\" \/><\/figure>\n\n\n\n<p>Sonny har v\u00e6ret ansat ved Blohm \u00b4s siden 2013, og er en af de to, der hurtigt og effektivt finder og skifter jeres hjul \/ d\u00e6k mv.<\/p>\n\n\n\n<figure class=\"wp-block-image size-full is-style-rounded\"><img loading=\"lazy\" decoding=\"async\" width=\"500\" height=\"738\" src=\"https:\/\/blohms-daek.dk\/wp-content\/uploads\/2024\/03\/Lars.jpg\" alt=\"\" class=\"wp-image-245\" srcset=\"https:\/\/blohms-daek.dk\/wp-content\/uploads\/2024\/03\/Lars.jpg 500w, https:\/\/blohms-daek.dk\/wp-content\/uploads\/2024\/03\/Lars-203x300.jpg 203w\" sizes=\"auto, (max-width: 500px) 100vw, 500px\" \/><\/figure>\n\n\n\n<p>Lars har v\u00e6ret ansat ved Blohm\u00b4s siden 2015, og er den anden del af den hurtige duo.<\/p>\n\n\n\n<p><\/p>\n\n\n\n<p>Vi har ogs\u00e5 firmahunde, der g\u00f8r deres bedste for at tage godt imod jer. <\/p>\n\n\n\n<figure class=\"wp-block-image size-full is-style-rounded\"><img loading=\"lazy\" decoding=\"async\" width=\"500\" height=\"667\" src=\"https:\/\/blohms-daek.dk\/wp-content\/uploads\/2024\/03\/Junior.jpg\" alt=\"\" class=\"wp-image-238\" srcset=\"https:\/\/blohms-daek.dk\/wp-content\/uploads\/2024\/03\/Junior.jpg 500w, https:\/\/blohms-daek.dk\/wp-content\/uploads\/2024\/03\/Junior-225x300.jpg 225w\" sizes=\"auto, (max-width: 500px) 100vw, 500px\" \/><\/figure>\n\n\n\n<p>Junior: 2022-<\/p>\n\n\n\n<figure class=\"wp-block-image size-full is-style-rounded\"><img loading=\"lazy\" decoding=\"async\" width=\"500\" height=\"667\" src=\"https:\/\/blohms-daek.dk\/wp-content\/uploads\/2024\/03\/Gizmo.jpg\" alt=\"\" class=\"wp-image-244\" srcset=\"https:\/\/blohms-daek.dk\/wp-content\/uploads\/2024\/03\/Gizmo.jpg 500w, https:\/\/blohms-daek.dk\/wp-content\/uploads\/2024\/03\/Gizmo-225x300.jpg 225w\" sizes=\"auto, (max-width: 500px) 100vw, 500px\" \/><\/figure>\n\n\n\n<p>Gismo: 2021-2023<\/p>\n\n\n\n<figure class=\"wp-block-image size-full is-style-rounded\"><img loading=\"lazy\" decoding=\"async\" width=\"960\" height=\"720\" src=\"https:\/\/blohms-daek.dk\/wp-content\/uploads\/2023\/10\/MAX.jpg\" alt=\"\" class=\"wp-image-140\" srcset=\"https:\/\/blohms-daek.dk\/wp-content\/uploads\/2023\/10\/MAX.jpg 960w, https:\/\/blohms-daek.dk\/wp-content\/uploads\/2023\/10\/MAX-300x225.jpg 300w, https:\/\/blohms-daek.dk\/wp-content\/uploads\/2023\/10\/MAX-768x576.jpg 768w\" sizes=\"auto, (max-width: 960px) 100vw, 960px\" \/><\/figure>\n\n\n\n<p>Max:  2013-2023<\/p>\n\n\n\n<figure class=\"wp-block-image size-full is-style-rounded\"><img loading=\"lazy\" decoding=\"async\" width=\"500\" height=\"667\" src=\"https:\/\/blohms-daek.dk\/wp-content\/uploads\/2024\/03\/Malene.jpg\" alt=\"\" class=\"wp-image-237\" srcset=\"https:\/\/blohms-daek.dk\/wp-content\/uploads\/2024\/03\/Malene.jpg 500w, https:\/\/blohms-daek.dk\/wp-content\/uploads\/2024\/03\/Malene-225x300.jpg 225w\" sizes=\"auto, (max-width: 500px) 100vw, 500px\" \/><\/figure>\n\n\n\n<p>Til tider vil I kunne hilse p\u00e5 Anders\u00b4 s hustru, Malene, der hj\u00e6lper med sm\u00e5 opgaver. Der vil hunden Ollie ogs\u00e5 v\u00e6re med.<\/p>\n","protected":false},"excerpt":{"rendered":"<p>Vi holder til i Ullerslev, p\u00e5 adressen Damsg\u00e5rdvej 11 A, 5540.Hvis du kommer fra Odense: Forts\u00e6t ud af Ullerslev mod Nyborg. Lige efter byskiltet drejer du til h\u00f8jre mod Skellerup p\u00e5 Skellerupvej. K\u00f8r 100 meter og drej til venstre ind p\u00e5 Damsgaardvej. Kommer du fra Nyborg: Drej til venstre lige inden du k\u00f8rer ind i [&hellip;]<\/p>\n","protected":false},"author":1,"featured_media":0,"parent":0,"menu_order":0,"comment_status":"closed","ping_status":"closed","template":"","meta":{"footnotes":""},"class_list":["post-9","page","type-page","status-publish","hentry"],"yoast_head":"<!-- This site is optimized with the Yoast SEO plugin v27.3 - https:\/\/yoast.com\/product\/yoast-seo-wordpress\/ -->\r\n<title>Om os - Blohm&#039;s Eftf.<\/title>\r\n<meta name=\"description\" content=\"Vore kompentente medarbejdere st\u00e5r klar til at hj\u00e6lpe dig med alle de sp\u00f8rgsm\u00e5l du m\u00e5tte have om hjul og d\u00e6k. M\u00f8d desuden vores hunde, der er en fast del af medarbejderstaben\" \/>\r\n<meta name=\"robots\" content=\"index, follow, max-snippet:-1, max-image-preview:large, max-video-preview:-1\" \/>\r\n<link rel=\"canonical\" href=\"https:\/\/blohms-daek.dk\/index.php\/kontakt\/\" \/>\r\n<meta property=\"og:locale\" content=\"da_DK\" \/>\r\n<meta property=\"og:type\" content=\"article\" \/>\r\n<meta property=\"og:title\" content=\"Om os - Blohm&#039;s Eftf.\" \/>\r\n<meta property=\"og:description\" content=\"Vore kompentente medarbejdere st\u00e5r klar til at hj\u00e6lpe dig med alle de sp\u00f8rgsm\u00e5l du m\u00e5tte have om hjul og d\u00e6k. M\u00f8d desuden vores hunde, der er en fast del af medarbejderstaben\" \/>\r\n<meta property=\"og:url\" content=\"https:\/\/blohms-daek.dk\/index.php\/kontakt\/\" \/>\r\n<meta property=\"og:site_name\" content=\"Blohm&#039;s Eftf.\" \/>\r\n<meta property=\"article:publisher\" content=\"https:\/\/www.facebook.com\/blohmsdaek\" \/>\r\n<meta property=\"article:modified_time\" content=\"2024-03-21T09:03:49+00:00\" \/>\r\n<meta property=\"og:image\" content=\"https:\/\/blohms-daek.dk\/wp-content\/uploads\/2024\/03\/Anders.jpeg\" \/>\r\n<meta name=\"twitter:card\" content=\"summary_large_image\" \/>\r\n<meta name=\"twitter:label1\" content=\"Estimeret l\u00e6setid\" \/>\n\t<meta name=\"twitter:data1\" content=\"3 minutter\" \/>\r\n<script type=\"application\/ld+json\" class=\"yoast-schema-graph\">{\"@context\":\"https:\\\/\\\/schema.org\",\"@graph\":[{\"@type\":\"WebPage\",\"@id\":\"https:\\\/\\\/blohms-daek.dk\\\/index.php\\\/kontakt\\\/\",\"url\":\"https:\\\/\\\/blohms-daek.dk\\\/index.php\\\/kontakt\\\/\",\"name\":\"Om os - Blohm&#039;s Eftf.\",\"isPartOf\":{\"@id\":\"https:\\\/\\\/blohms-daek.dk\\\/#website\"},\"primaryImageOfPage\":{\"@id\":\"https:\\\/\\\/blohms-daek.dk\\\/index.php\\\/kontakt\\\/#primaryimage\"},\"image\":{\"@id\":\"https:\\\/\\\/blohms-daek.dk\\\/index.php\\\/kontakt\\\/#primaryimage\"},\"thumbnailUrl\":\"https:\\\/\\\/blohms-daek.dk\\\/wp-content\\\/uploads\\\/2024\\\/03\\\/Anders.jpeg\",\"datePublished\":\"2023-10-25T14:05:02+00:00\",\"dateModified\":\"2024-03-21T09:03:49+00:00\",\"description\":\"Vore kompentente medarbejdere st\u00e5r klar til at hj\u00e6lpe dig med alle de sp\u00f8rgsm\u00e5l du m\u00e5tte have om hjul og d\u00e6k. M\u00f8d desuden vores hunde, der er en fast del af medarbejderstaben\",\"breadcrumb\":{\"@id\":\"https:\\\/\\\/blohms-daek.dk\\\/index.php\\\/kontakt\\\/#breadcrumb\"},\"inLanguage\":\"da-DK\",\"potentialAction\":[{\"@type\":\"ReadAction\",\"target\":[\"https:\\\/\\\/blohms-daek.dk\\\/index.php\\\/kontakt\\\/\"]}]},{\"@type\":\"ImageObject\",\"inLanguage\":\"da-DK\",\"@id\":\"https:\\\/\\\/blohms-daek.dk\\\/index.php\\\/kontakt\\\/#primaryimage\",\"url\":\"https:\\\/\\\/blohms-daek.dk\\\/wp-content\\\/uploads\\\/2024\\\/03\\\/Anders.jpeg\",\"contentUrl\":\"https:\\\/\\\/blohms-daek.dk\\\/wp-content\\\/uploads\\\/2024\\\/03\\\/Anders.jpeg\",\"width\":500,\"height\":667},{\"@type\":\"BreadcrumbList\",\"@id\":\"https:\\\/\\\/blohms-daek.dk\\\/index.php\\\/kontakt\\\/#breadcrumb\",\"itemListElement\":[{\"@type\":\"ListItem\",\"position\":1,\"name\":\"Hjem\",\"item\":\"https:\\\/\\\/blohms-daek.dk\\\/\"},{\"@type\":\"ListItem\",\"position\":2,\"name\":\"Om os\"}]},{\"@type\":\"WebSite\",\"@id\":\"https:\\\/\\\/blohms-daek.dk\\\/#website\",\"url\":\"https:\\\/\\\/blohms-daek.dk\\\/\",\"name\":\"Blohm&#039;s Eftf.\",\"description\":\"D\u00e6k og f\u00e6lge ApS\",\"publisher\":{\"@id\":\"https:\\\/\\\/blohms-daek.dk\\\/#organization\"},\"potentialAction\":[{\"@type\":\"SearchAction\",\"target\":{\"@type\":\"EntryPoint\",\"urlTemplate\":\"https:\\\/\\\/blohms-daek.dk\\\/?s={search_term_string}\"},\"query-input\":{\"@type\":\"PropertyValueSpecification\",\"valueRequired\":true,\"valueName\":\"search_term_string\"}}],\"inLanguage\":\"da-DK\"},{\"@type\":\"Organization\",\"@id\":\"https:\\\/\\\/blohms-daek.dk\\\/#organization\",\"name\":\"Blohm&#039;s Eftf.\",\"url\":\"https:\\\/\\\/blohms-daek.dk\\\/\",\"logo\":{\"@type\":\"ImageObject\",\"inLanguage\":\"da-DK\",\"@id\":\"https:\\\/\\\/blohms-daek.dk\\\/#\\\/schema\\\/logo\\\/image\\\/\",\"url\":\"https:\\\/\\\/blohms-daek.dk\\\/wp-content\\\/uploads\\\/2023\\\/10\\\/Blohms-Logo.png\",\"contentUrl\":\"https:\\\/\\\/blohms-daek.dk\\\/wp-content\\\/uploads\\\/2023\\\/10\\\/Blohms-Logo.png\",\"width\":293,\"height\":77,\"caption\":\"Blohm&#039;s Eftf.\"},\"image\":{\"@id\":\"https:\\\/\\\/blohms-daek.dk\\\/#\\\/schema\\\/logo\\\/image\\\/\"},\"sameAs\":[\"https:\\\/\\\/www.facebook.com\\\/blohmsdaek\"]}]}<\/script>\r\n<!-- \/ Yoast SEO plugin. -->","yoast_head_json":{"title":"Om os - Blohm&#039;s Eftf.","description":"Vore kompentente medarbejdere st\u00e5r klar til at hj\u00e6lpe dig med alle de sp\u00f8rgsm\u00e5l du m\u00e5tte have om hjul og d\u00e6k. M\u00f8d desuden vores hunde, der er en fast del af medarbejderstaben","robots":{"index":"index","follow":"follow","max-snippet":"max-snippet:-1","max-image-preview":"max-image-preview:large","max-video-preview":"max-video-preview:-1"},"canonical":"https:\/\/blohms-daek.dk\/index.php\/kontakt\/","og_locale":"da_DK","og_type":"article","og_title":"Om os - Blohm&#039;s Eftf.","og_description":"Vore kompentente medarbejdere st\u00e5r klar til at hj\u00e6lpe dig med alle de sp\u00f8rgsm\u00e5l du m\u00e5tte have om hjul og d\u00e6k. M\u00f8d desuden vores hunde, der er en fast del af medarbejderstaben","og_url":"https:\/\/blohms-daek.dk\/index.php\/kontakt\/","og_site_name":"Blohm&#039;s Eftf.","article_publisher":"https:\/\/www.facebook.com\/blohmsdaek","article_modified_time":"2024-03-21T09:03:49+00:00","og_image":[{"url":"https:\/\/blohms-daek.dk\/wp-content\/uploads\/2024\/03\/Anders.jpeg","type":"","width":"","height":""}],"twitter_card":"summary_large_image","twitter_misc":{"Estimeret l\u00e6setid":"3 minutter"},"schema":{"@context":"https:\/\/schema.org","@graph":[{"@type":"WebPage","@id":"https:\/\/blohms-daek.dk\/index.php\/kontakt\/","url":"https:\/\/blohms-daek.dk\/index.php\/kontakt\/","name":"Om os - Blohm&#039;s Eftf.","isPartOf":{"@id":"https:\/\/blohms-daek.dk\/#website"},"primaryImageOfPage":{"@id":"https:\/\/blohms-daek.dk\/index.php\/kontakt\/#primaryimage"},"image":{"@id":"https:\/\/blohms-daek.dk\/index.php\/kontakt\/#primaryimage"},"thumbnailUrl":"https:\/\/blohms-daek.dk\/wp-content\/uploads\/2024\/03\/Anders.jpeg","datePublished":"2023-10-25T14:05:02+00:00","dateModified":"2024-03-21T09:03:49+00:00","description":"Vore kompentente medarbejdere st\u00e5r klar til at hj\u00e6lpe dig med alle de sp\u00f8rgsm\u00e5l du m\u00e5tte have om hjul og d\u00e6k. M\u00f8d desuden vores hunde, der er en fast del af medarbejderstaben","breadcrumb":{"@id":"https:\/\/blohms-daek.dk\/index.php\/kontakt\/#breadcrumb"},"inLanguage":"da-DK","potentialAction":[{"@type":"ReadAction","target":["https:\/\/blohms-daek.dk\/index.php\/kontakt\/"]}]},{"@type":"ImageObject","inLanguage":"da-DK","@id":"https:\/\/blohms-daek.dk\/index.php\/kontakt\/#primaryimage","url":"https:\/\/blohms-daek.dk\/wp-content\/uploads\/2024\/03\/Anders.jpeg","contentUrl":"https:\/\/blohms-daek.dk\/wp-content\/uploads\/2024\/03\/Anders.jpeg","width":500,"height":667},{"@type":"BreadcrumbList","@id":"https:\/\/blohms-daek.dk\/index.php\/kontakt\/#breadcrumb","itemListElement":[{"@type":"ListItem","position":1,"name":"Hjem","item":"https:\/\/blohms-daek.dk\/"},{"@type":"ListItem","position":2,"name":"Om os"}]},{"@type":"WebSite","@id":"https:\/\/blohms-daek.dk\/#website","url":"https:\/\/blohms-daek.dk\/","name":"Blohm&#039;s Eftf.","description":"D\u00e6k og f\u00e6lge ApS","publisher":{"@id":"https:\/\/blohms-daek.dk\/#organization"},"potentialAction":[{"@type":"SearchAction","target":{"@type":"EntryPoint","urlTemplate":"https:\/\/blohms-daek.dk\/?s={search_term_string}"},"query-input":{"@type":"PropertyValueSpecification","valueRequired":true,"valueName":"search_term_string"}}],"inLanguage":"da-DK"},{"@type":"Organization","@id":"https:\/\/blohms-daek.dk\/#organization","name":"Blohm&#039;s Eftf.","url":"https:\/\/blohms-daek.dk\/","logo":{"@type":"ImageObject","inLanguage":"da-DK","@id":"https:\/\/blohms-daek.dk\/#\/schema\/logo\/image\/","url":"https:\/\/blohms-daek.dk\/wp-content\/uploads\/2023\/10\/Blohms-Logo.png","contentUrl":"https:\/\/blohms-daek.dk\/wp-content\/uploads\/2023\/10\/Blohms-Logo.png","width":293,"height":77,"caption":"Blohm&#039;s Eftf."},"image":{"@id":"https:\/\/blohms-daek.dk\/#\/schema\/logo\/image\/"},"sameAs":["https:\/\/www.facebook.com\/blohmsdaek"]}]}},"_links":{"self":[{"href":"https:\/\/blohms-daek.dk\/index.php\/wp-json\/wp\/v2\/pages\/9","targetHints":{"allow":["GET"]}}],"collection":[{"href":"https:\/\/blohms-daek.dk\/index.php\/wp-json\/wp\/v2\/pages"}],"about":[{"href":"https:\/\/blohms-daek.dk\/index.php\/wp-json\/wp\/v2\/types\/page"}],"author":[{"embeddable":true,"href":"https:\/\/blohms-daek.dk\/index.php\/wp-json\/wp\/v2\/users\/1"}],"replies":[{"embeddable":true,"href":"https:\/\/blohms-daek.dk\/index.php\/wp-json\/wp\/v2\/comments?post=9"}],"version-history":[{"count":0,"href":"https:\/\/blohms-daek.dk\/index.php\/wp-json\/wp\/v2\/pages\/9\/revisions"}],"wp:attachment":[{"href":"https:\/\/blohms-daek.dk\/index.php\/wp-json\/wp\/v2\/media?parent=9"}],"curies":[{"name":"wp","href":"https:\/\/api.w.org\/{rel}","templated":true}]}}